{"id":44,"date":"2026-01-01T00:00:00","date_gmt":"2026-01-01T00:00:00","guid":{"rendered":"https:\/\/cirujanos-plasticos.jorgebastida.es\/?page_id=44"},"modified":"2026-01-01T00:00:00","modified_gmt":"2026-01-01T00:00:00","slug":"14-simposio-cirugia-plastica","status":"publish","type":"page","link":"https:\/\/cirujanos-plasticos.jorgebastida.es\/?page_id=44","title":{"rendered":"Cirujanos pl\u00e1sticos en Murcia XIV Simposio Intercional de Cirug\u00eda Pl\u00e1stica %- Cirujanos pl\u00e1sticos en Murcia"},"content":{"rendered":"<div class=\"content-wrapper sidebar-included right-sidebar\">\n<div class=\"clear\"><\/div>\n<div class='gdl-page-float-left'>\n<div class='gdl-page-item'>\n<div class=\"sixteen columns mt0\">\n<h1 class=\"single-thumbnail-title post-title-color gdl-title\"><a href=\"\/index.html\">XIV Simposio Intercional de Cirug\u00eda Pl\u00e1stica<\/a><\/h1>\n<div class=\"single-thumbnail-info post-info-color gdl-divider\">\n<div class=\"single-thumbnail-date\">febrero 07, 2013<\/div>\n<div class=\"single-thumbnail-author\"> by Editorial<\/div>\n<div class=\"single-thumbnail-comment\"><span>Comments are off<\/span><\/div>\n<div class=\"clear\"><\/div>\n<\/div>\n<div class='clear'><\/div>\n<div class='single-content'>\n<p style=\"text-align: center;\"><a href=\"\/wp-content\/uploads\/2013\/02\/logo.png\"><img fetchpriority=\"high\" decoding=\"async\" class=\" wp-image-550 aligncenter\" alt=\"14 simposio internacional de cirug\u00eda pl\u00e1stica -Sao Paulo\" src=\"\/wp-content\/uploads\/2013\/02\/logo.png\" width=\"458\" height=\"147\" srcset=\"..\/wp-content\/uploads\/2013\/02\/logo.png 458w, ..\/wp-content\/uploads\/2013\/02\/logo-300x96.png 300w\" sizes=\"(max-width: 458px) 100vw, 458px\" \/><\/a><\/p>\n<p style=\"text-align: center;\"><a href=\"\/wp-content\/uploads\/2013\/02\/sharaton.png\"><img loading=\"lazy\" decoding=\"async\" class=\" wp-image-551 aligncenter\" alt=\"Hotel donde se realiza\" src=\"\/wp-content\/uploads\/2013\/02\/sharaton.png\" width=\"454\" height=\"79\" srcset=\"..\/wp-content\/uploads\/2013\/02\/sharaton.png 454w, ..\/wp-content\/uploads\/2013\/02\/sharaton-300x52.png 300w\" sizes=\"auto, (max-width: 454px) 100vw, 454px\" \/><\/a><\/p>\n<p>Hemos desarrollado un <a title=\"Programa cient\u00edfico\" href=\"http:\/\/www.simposiointernacional.com.br\/programacao-cientifica\/\" target=\"_blank\">programa de alto nivel cient\u00edfico<\/a> con nombres importantes en la Cirug\u00eda Pl\u00e1stica brasile\u00f1a e internacional para hacer frente a la cirug\u00eda de la cara y el contorno corporal. En este simposio no vamos a hacer las cirug\u00edas en directo como en a\u00f1os anteriores, pero todos los profesores va a traer videos editados en HD con excelentes im\u00e1genes que muestran todos los detalles de las t\u00e9cnicas quir\u00fargicas. La idea es crear m\u00e1s oportunidades videos editados y as\u00ed tambi\u00e9n aumentar la interacci\u00f3n con colegas de la audiencia. EE.UU. tiene el Dr. James Grotting, excelente cirujano que muchos ya conocen por su trabajo en la cara y el pecho. Dr. Wayne Canad\u00e1 Perron tambi\u00e9n trabajar\u00e1 con relleno cara, p\u00e1rpados y aumento de las mamas. Desde Europa tenemos colegas Gianluca Campiglio, en Italia y Gasperoni Carlo, Ivar van Heijnigen B\u00e9lgica y Espa\u00f1a, Javier de Benito trayendo una nueva t\u00e9cnica de rejuvenecimiento facial. Desde Argentina nos Drs. Jorge Herrera, Luis Enrique Heredia y Gagliardi present\u00f3 el tema de estrechamiento Macs Lift y mamoplastia.<\/p>\n<p>Adem\u00e1s de \u00e9stos siempre nos gusta la presencia del Prof.. Ivo Pitanguy honrado nuestro honor, los doctores Bridges Ronaldo y Ricardo Baroudi siempre nos honran y m\u00e1s de 65 cirujanos que componen la mayor expresi\u00f3n de nuestro Simposio Facultad.<\/p>\n<p>Marque su calendario ahora para este fin de semana para llegar a S\u00e3o Paulo y participar en uno de los eventos m\u00e1s importantes en la cirug\u00eda pl\u00e1stica brasile\u00f1a.<\/p>\n<p><strong>Informaci\u00f3n y reservas: \u00a0<a title=\"Simposio Internacional\" href=\"http:\/\/www.simposiointernacional.com.br\/\" target=\"_blank\">http:\/\/www.simposiointernacional.com.br\/<\/a><\/strong><\/p>\n<p>&nbsp;<\/p>\n<p><strong>Dr. Oscar Carlos Uebel<\/strong><\/p>\n<p><strong>Dr. Ewaldo Bolivar de Souza Pinto<\/strong><\/p>\n<p><em>Coordinadores cient\u00edficos<\/em><\/p>\n<p>&nbsp;<\/p>\n<\/div>\n<div class=\"clear\"><\/div>\n<div class='about-author-wrapper'>\n<div class='about-author-avartar'><\/div>\n<div class='about-author-info'>\n<div class='about-author-title gdl-link-title gdl-title'>Sobre el Autor<\/div>\n<\/div>\n<div class='clear'><\/div>\n<\/div>\n<div class='social-share-title gdl-link-title gdl-title'>Compartir<\/div>\n<div class=\"social-shares\">\n<ul>\n<li>\n\t\t\t\t<a href=\"http:\/\/www.facebook.com\/share.php?u=https:\/\/cirujanoplasticomurcia.es\/14-simposio-cirugia-plastica\/\" target=\"_blank\"><br \/>\n\t\t\t\t\t<img decoding=\"async\" class=\"no-preload\" src=\"\/wp-content\/themes\/modernize\/images\/icon\/dark\/social\/facebook-share.png\"><br \/>\n\t\t\t\t<\/a>\n\t\t\t<\/li>\n<li>\n\t\t\t\t<a href=\"http:\/\/twitter.com\/home?status=XIV+Simposio+Intercional+de+Cirug%C3%ADa+Pl%C3%A1stica%20-%20https:\/\/cirujanoplasticomurcia.es\/14-simposio-cirugia-plastica\/\" target=\"_blank\"><br \/>\n\t\t\t\t\t<img decoding=\"async\" class=\"no-preload\" src=\"\/wp-content\/themes\/modernize\/images\/icon\/dark\/social\/twitter-share.png\"><br \/>\n\t\t\t\t<\/a>\n\t\t\t<\/li>\n<li>\n\t\t\t\t<a href=\"http:\/\/www.google.com\/bookmarks\/mark?op=edit&#038;bkmk=https:\/\/cirujanoplasticomurcia.es\/14-simposio-cirugia-plastica\/&#038;title=XIV+Simposio+Intercional+de+Cirug%C3%ADa+Pl%C3%A1stica\" target=\"_blank\"><br \/>\n\t\t\t\t\t<img decoding=\"async\" class=\"no-preload\" src=\"\/wp-content\/themes\/modernize\/images\/icon\/dark\/social\/google-share.png\"><br \/>\n\t\t\t\t<\/a>\n\t\t\t<\/li>\n<li>\n\t\t\t\t<a href=\"http:\/\/www.stumbleupon.com\/submit?url=https:\/\/cirujanoplasticomurcia.es\/14-simposio-cirugia-plastica\/&#038;title=XIV+Simposio+Intercional+de+Cirug%C3%ADa+Pl%C3%A1stica\" target=\"_blank\"><br \/>\n\t\t\t\t\t<img decoding=\"async\" class=\"no-preload\" src=\"\/wp-content\/themes\/modernize\/images\/icon\/dark\/social\/stumble-upon-share.png\"><br \/>\n\t\t\t\t<\/a>\n\t\t\t<\/li>\n<li>\n\t\t\t\t<a href=\"http:\/\/www.myspace.com\/Modules\/PostTo\/Pages\/?u=https:\/\/cirujanoplasticomurcia.es\/14-simposio-cirugia-plastica\/\" target=\"_blank\"><br \/>\n\t\t\t\t\t<img decoding=\"async\" class=\"no-preload\" src=\"\/wp-content\/themes\/modernize\/images\/icon\/dark\/social\/my-space-share.png\"><br \/>\n\t\t\t\t<\/a>\n\t\t\t<\/li>\n<li>\n\t\t\t\t<a href=\"http:\/\/delicious.com\/post?url=https:\/\/cirujanoplasticomurcia.es\/14-simposio-cirugia-plastica\/&#038;title=XIV Simposio Intercional de Ciruga Plstica\" target=\"_blank\"><br \/>\n\t\t\t\t\t<img decoding=\"async\" class=\"no-preload\" src=\"\/wp-content\/themes\/modernize\/images\/icon\/dark\/social\/delicious-share.png\"><br \/>\n\t\t\t\t<\/a>\n\t\t\t<\/li>\n<li>\n\t\t\t\t<a href=\"http:\/\/digg.com\/submit?url=https:\/\/cirujanoplasticomurcia.es\/14-simposio-cirugia-plastica\/&#038;title=XIV+Simposio+Intercional+de+Cirug%C3%ADa+Pl%C3%A1stica\" target=\"_blank\"><br \/>\n\t\t\t\t\t<img decoding=\"async\" class=\"no-preload\" src=\"\/wp-content\/themes\/modernize\/images\/icon\/dark\/social\/digg-share.png\"><br \/>\n\t\t\t\t<\/a>\n\t\t\t<\/li>\n<li>\n\t\t\t\t<a href=\"http:\/\/reddit.com\/submit?url=https:\/\/cirujanoplasticomurcia.es\/14-simposio-cirugia-plastica\/&#038;title=XIV+Simposio+Intercional+de+Cirug%C3%ADa+Pl%C3%A1stica\" target=\"_blank\"><br \/>\n\t\t\t\t\t<img decoding=\"async\" class=\"no-preload\" src=\"\/wp-content\/themes\/modernize\/images\/icon\/dark\/social\/reddit-share.png\"><br \/>\n\t\t\t\t<\/a>\n\t\t\t<\/li>\n<li>\n\t\t\t\t<a href=\"http:\/\/www.linkedin.com\/shareArticle?mini=true&#038;url=https:\/\/cirujanoplasticomurcia.es\/14-simposio-cirugia-plastica\/&#038;title=XIV+Simposio+Intercional+de+Cirug%C3%ADa+Pl%C3%A1stica\" target=\"_blank\"><br \/>\n\t\t\t\t\t<img decoding=\"async\" class=\"no-preload\" src=\"\/wp-content\/themes\/modernize\/images\/icon\/dark\/social\/linkedin-share.png\"><br \/>\n\t\t\t\t<\/a>\n\t\t\t<\/li>\n<\/ul>\n<\/div>\n<div class='clear'><\/div>\n<div class=\"comment-wrapper\"><!-- Check Authorize --><br \/>\n<!-- Comment List --><br \/>\n<!-- Comment Form -->\n<\/div>\n<\/div><\/div>\n<p> <!-- gdl-page-item --><\/p><\/div>\n<div class='five columns mt0 gdl-right-sidebar'>\n<div class='right-sidebar-wrapper gdl-divider'>\n<div class=\"custom-sidebar gdl-divider widget_pages\" id=\"pages-2\" >\n<h3 class=\"custom-sidebar-title sidebar-title-color gdl-title\">Miembros de la SMCPRE<\/h3>\n<ul>\n<li class=\"page_item page-item-918\"><a href=\"\/dr-alejandro-sanchez-rodenas\/index.html\">Dr. Alejandro S\u00e1nchez R\u00f3denas<\/a><\/li>\n<li class=\"page_item page-item-931\"><a href=\"\/dr-pablo-jose-vera-garcia\/index.html\">Dr. Pablo Jos\u00e9 Vera Garc\u00eda<\/a><\/li>\n<li class=\"page_item page-item-599\"><a href=\"\/cirujanos-plasticos-murcia\/cirujano-plastico-pedreno-guerao\/index.html\">Dr.  Francisco Pedre\u00f1o Guerao<\/a><\/li>\n<li class=\"page_item page-item-409\"><a href=\"\/cirujanos-plasticos-murcia\/eduardo-alvarez-carretero\/index.html\">Dr. Eduardo Alvarez Carretero<\/a><\/li>\n<li class=\"page_item page-item-765\"><a href=\"\/cirujanos-plasticos-murcia\/dr-francisco-del-pino-laccourreye\/index.html\">Dr. Francisco del Pino Laccourreye<\/a><\/li>\n<li class=\"page_item page-item-116\"><a href=\"\/cirujanos-plasticos-murcia\/francisco-jacinto-pedreno\/index.html\">Dr. Francisco Jacinto Pedre\u00f1o Ruiz<\/a><\/li>\n<li class=\"page_item page-item-371\"><a href=\"\/cirujanos-plasticos-murcia\/h-rodriguez-cirujano-plastico\/index.html\">Dr. Humberto Rodr\u00edguez Men\u00e9s<\/a><\/li>\n<li class=\"page_item page-item-752\"><a href=\"\/cirujanos-plasticos-murcia\/dr-garcia-contreras\/index.html\">Dr. Juan de Dios Garc\u00eda Contreras<\/a><\/li>\n<li class=\"page_item page-item-414\"><a href=\"\/cirujanos-plasticos-murcia\/pablo-canadillas-cirujano-plastic\/index.html\">Dr. Pablo Ca\u00f1adillas Math\u00edas<\/a><\/li>\n<li class=\"page_item page-item-298\"><a href=\"\/cirujanos-plasticos-murcia\/rafael-blanco-cirujano-plastico\/index.html\">Dr. Rafael Blanco Tapias<\/a><\/li>\n<li class=\"page_item page-item-635\"><a href=\"\/cirujanos-plasticos-murcia\/ramon-moreno-cirujano-plastico\/index.html\">Dr. Ram\u00f3n Andr\u00e9s Moreno Villalba<\/a><\/li>\n<li class=\"page_item page-item-659\"><a href=\"\/cirujanos-plasticos-murcia\/sergio-canovas-sanchis\/index.html\">Dr. Sergio C\u00e1novas Sanchis<\/a><\/li>\n<li class=\"page_item page-item-383\"><a href=\"\/cirujanos-plasticos-murcia\/paloma-ramon\/index.html\">Dra. Paloma Ram\u00f3n Faba<\/a><\/li>\n<li class=\"page_item page-item-723\"><a href=\"\/cirujanos-plasticos-murcia\/virginia-lopez-castillo\/index.html\">Dra. Virginia L\u00f3pez Castillo<\/a><\/li>\n<\/ul><\/div>\n<div class=\"custom-sidebar gdl-divider widget_nav_menu\" id=\"nav_menu-3\" >\n<h3 class=\"custom-sidebar-title sidebar-title-color gdl-title\">Enlaces de Inter\u00e9s<\/h3>\n<div class=\"menu-barra-lateral-container\">\n<ul id=\"menu-barra-lateral\" class=\"menu\">\n<li id=\"menu-item-523\" class=\"menu-item menu-item-type-custom menu-item-object-custom menu-item-523\"><a href=\"http:\/\/www.educpre.es\/\" title=\" Recursos que necesitas para tu pr\u00e1ctica diaria\">Educpre \u2013 Plataforma educativa de c.pl\u00e1stica, reparadora y est\u00e9tica<\/a><\/li>\n<li id=\"menu-item-524\" class=\"menu-item menu-item-type-custom menu-item-object-custom menu-item-524\"><a href=\"http:\/\/www.ipras.org\/\" title=\"IPRAS Confederaci\u00f3n Internacional de cirug\u00eda Pl\u00e1stica, Reparadora y Est\u00e9tica\">IPRAS \u2013 International Confederaci\u00f3n for Plastic Reconstructive &#038; Aesthetic Surgery<\/a><\/li>\n<li id=\"menu-item-525\" class=\"menu-item menu-item-type-custom menu-item-object-custom menu-item-525\"><a href=\"http:\/\/www.isaps.org\/\" title=\"Sociedad Internacional de Cirug\u00eda Pl\u00e1stica y Est\u00e9tica.\">ISAPS \u2013 International Society of Aesthetic Plastic Surgery<\/a><\/li>\n<li id=\"menu-item-526\" class=\"menu-item menu-item-type-custom menu-item-object-custom menu-item-526\"><a href=\"http:\/\/www.cirugiadellinfedema.org\/\" title=\" Registro Nacional de Pr\u00f3tesis de Mama.\">SREIM \u2013 Sistema de Registro Espa\u00f1ol de Implantes Mamarios<\/a><\/li>\n<\/ul>\n<\/div>\n<\/div>\n<div class='pt30'><\/div>\n<\/div>\n<\/div>\n<div class=\"clear\"><\/div>\n<\/p><\/div>\n<p> <!-- content-wrapper --><\/p><\/div>\n<p> <!-- header content wrapper -->\n\t<\/div>\n<p> <!-- content container --><\/p>\n","protected":false},"excerpt":{"rendered":"<p>XIV Simposio Intercional de Cirug\u00eda Pl\u00e1stica febrero 07, 2013 by Editorial Comments are off Hemos desarrollado un programa de alto nivel cient\u00edfico con nombres importantes en la Cirug\u00eda Pl\u00e1stica brasile\u00f1a e internacional para hacer frente a la cirug\u00eda de la cara y el contorno corporal. En este simposio no vamos a hacer las cirug\u00edas en [&hellip;]<\/p>\n","protected":false},"author":1,"featured_media":0,"parent":0,"menu_order":0,"comment_status":"closed","ping_status":"closed","template":"","meta":{"footnotes":""},"class_list":["post-44","page","type-page","status-publish","hentry"],"_links":{"self":[{"href":"https:\/\/cirujanos-plasticos.jorgebastida.es\/index.php?rest_route=\/wp\/v2\/pages\/44","targetHints":{"allow":["GET"]}}],"collection":[{"href":"https:\/\/cirujanos-plasticos.jorgebastida.es\/index.php?rest_route=\/wp\/v2\/pages"}],"about":[{"href":"https:\/\/cirujanos-plasticos.jorgebastida.es\/index.php?rest_route=\/wp\/v2\/types\/page"}],"author":[{"embeddable":true,"href":"https:\/\/cirujanos-plasticos.jorgebastida.es\/index.php?rest_route=\/wp\/v2\/users\/1"}],"replies":[{"embeddable":true,"href":"https:\/\/cirujanos-plasticos.jorgebastida.es\/index.php?rest_route=%2Fwp%2Fv2%2Fcomments&post=44"}],"version-history":[{"count":0,"href":"https:\/\/cirujanos-plasticos.jorgebastida.es\/index.php?rest_route=\/wp\/v2\/pages\/44\/revisions"}],"wp:attachment":[{"href":"https:\/\/cirujanos-plasticos.jorgebastida.es\/index.php?rest_route=%2Fwp%2Fv2%2Fmedia&parent=44"}],"curies":[{"name":"wp","href":"https:\/\/api.w.org\/{rel}","templated":true}]}}