{"id":42,"date":"2026-01-01T00:00:00","date_gmt":"2026-01-01T00:00:00","guid":{"rendered":"https:\/\/cirujanos-plasticos.jorgebastida.es\/?page_id=42"},"modified":"2026-01-01T00:00:00","modified_gmt":"2026-01-01T00:00:00","slug":"cirugia-estetica-facial-periorbitaria","status":"publish","type":"page","link":"https:\/\/cirujanos-plasticos.jorgebastida.es\/?page_id=42","title":{"rendered":"Cirujanos pl\u00e1sticos en Murcia Cirug\u00eda Est\u00e9tica Facial, Periorbitaria y Rinoplastia %- Cirujanos pl\u00e1sticos en Murcia"},"content":{"rendered":"<div class=\"content-wrapper sidebar-included right-sidebar\">\n<div class=\"clear\"><\/div>\n<div class='gdl-page-float-left'>\n<div class='gdl-page-item'>\n<div class=\"sixteen columns mt0\">\n<h1 class=\"single-thumbnail-title post-title-color gdl-title\"><a href=\"\/index.html\">Cirug\u00eda Est\u00e9tica Facial, Periorbitaria y Rinoplastia<\/a><\/h1>\n<div class=\"single-thumbnail-info post-info-color gdl-divider\">\n<div class=\"single-thumbnail-date\">diciembre 27, 2012<\/div>\n<div class=\"single-thumbnail-author\"> by Editorial<\/div>\n<div class=\"single-thumbnail-tag\"><a href=\"\/tag\/cirugia-estetica-2\/index.html\" rel=\"tag\">cirug\u00eda est\u00e9tica<\/a>, <a href=\"\/tag\/cirugia-facial\/index.html\" rel=\"tag\">cirug\u00eda facial<\/a>, <a href=\"\/tag\/cirugia-periorbitaria\/index.html\" rel=\"tag\">cirug\u00eda periorbitaria<\/a>, <a href=\"\/tag\/rinoplastia\/index.html\" rel=\"tag\">rinoplastia<\/a><\/div>\n<div class=\"single-thumbnail-comment\"><a href=\"\/index.html#respond\">0 Comment<\/a><\/div>\n<div class=\"clear\"><\/div>\n<\/div>\n<div class='clear'><\/div>\n<div class='single-content'>\n<h2>Programa de Cirug\u00eda Est\u00e9tica Facial, Periorbitaria y Rinoplastia<\/h2>\n<p><a title=\"PDF: Programa Cirug\u00eda Est\u00e9tica Facial, Periorbitaria y Rinoplastia\" href=\"http:\/\/corbax.org\/SMCPRE\/wp-content\/uploads\/2012\/12\/Programa-Cirug\u00eda-Est\u00e9tica-Facial-Periorbitaria-y-Rinoplastia.pdf\"><img fetchpriority=\"high\" decoding=\"async\" class=\"alignnone size-full wp-image-419\" alt=\"Programa de cirug\u00eda est\u00e9tica facial\" src=\"https:\/\/corbax.org\/SMCPRE\/wp-content\/uploads\/2012\/12\/actualizaciones-cirugia.jpg\" width=\"640\" height=\"642\" \/><\/a><\/p>\n<p>&nbsp;<\/p>\n<p>Archivo PDF<img loading=\"lazy\" decoding=\"async\" class=\"alignnone  wp-image-495\" style=\"margin-top: 15px;\" alt=\"PDF\" src=\"https:\/\/corbax.org\/SMCPRE\/wp-content\/uploads\/2012\/12\/Captura-de-pantalla-2012-12-17-a-las-13.06.14.png\" width=\"39\" height=\"39\" \/><\/p>\n<\/div>\n<div class=\"clear\"><\/div>\n<div class='social-share-title gdl-link-title gdl-title'>Compartir<\/div>\n<div class=\"social-shares\">\n<ul>\n<li>\n\t\t\t\t<a href=\"http:\/\/www.facebook.com\/share.php?u=https:\/\/cirujanoplasticomurcia.es\/cirugia-estetica-facial-periorbitaria\/\" target=\"_blank\"><br \/>\n\t\t\t\t\t<img decoding=\"async\" class=\"no-preload\" src=\"\/wp-content\/themes\/modernize\/images\/icon\/dark\/social\/facebook-share.png\"><br \/>\n\t\t\t\t<\/a>\n\t\t\t<\/li>\n<li>\n\t\t\t\t<a href=\"http:\/\/twitter.com\/home?status=Cirug%C3%ADa+Est%C3%A9tica+Facial%2C+Periorbitaria+y+Rinoplastia%20-%20https:\/\/cirujanoplasticomurcia.es\/cirugia-estetica-facial-periorbitaria\/\" target=\"_blank\"><br \/>\n\t\t\t\t\t<img decoding=\"async\" class=\"no-preload\" src=\"\/wp-content\/themes\/modernize\/images\/icon\/dark\/social\/twitter-share.png\"><br \/>\n\t\t\t\t<\/a>\n\t\t\t<\/li>\n<li>\n\t\t\t\t<a href=\"http:\/\/www.google.com\/bookmarks\/mark?op=edit&#038;bkmk=https:\/\/cirujanoplasticomurcia.es\/cirugia-estetica-facial-periorbitaria\/&#038;title=Cirug%C3%ADa+Est%C3%A9tica+Facial%2C+Periorbitaria+y+Rinoplastia\" target=\"_blank\"><br \/>\n\t\t\t\t\t<img decoding=\"async\" class=\"no-preload\" src=\"\/wp-content\/themes\/modernize\/images\/icon\/dark\/social\/google-share.png\"><br \/>\n\t\t\t\t<\/a>\n\t\t\t<\/li>\n<li>\n\t\t\t\t<a href=\"http:\/\/www.stumbleupon.com\/submit?url=https:\/\/cirujanoplasticomurcia.es\/cirugia-estetica-facial-periorbitaria\/&#038;title=Cirug%C3%ADa+Est%C3%A9tica+Facial%2C+Periorbitaria+y+Rinoplastia\" target=\"_blank\"><br \/>\n\t\t\t\t\t<img decoding=\"async\" class=\"no-preload\" src=\"\/wp-content\/themes\/modernize\/images\/icon\/dark\/social\/stumble-upon-share.png\"><br \/>\n\t\t\t\t<\/a>\n\t\t\t<\/li>\n<li>\n\t\t\t\t<a href=\"http:\/\/www.myspace.com\/Modules\/PostTo\/Pages\/?u=https:\/\/cirujanoplasticomurcia.es\/cirugia-estetica-facial-periorbitaria\/\" target=\"_blank\"><br \/>\n\t\t\t\t\t<img decoding=\"async\" class=\"no-preload\" src=\"\/wp-content\/themes\/modernize\/images\/icon\/dark\/social\/my-space-share.png\"><br \/>\n\t\t\t\t<\/a>\n\t\t\t<\/li>\n<li>\n\t\t\t\t<a href=\"http:\/\/delicious.com\/post?url=https:\/\/cirujanoplasticomurcia.es\/cirugia-estetica-facial-periorbitaria\/&#038;title=Ciruga Esttica Facial Periorbitaria y Rinoplastia\" target=\"_blank\"><br \/>\n\t\t\t\t\t<img decoding=\"async\" class=\"no-preload\" src=\"\/wp-content\/themes\/modernize\/images\/icon\/dark\/social\/delicious-share.png\"><br \/>\n\t\t\t\t<\/a>\n\t\t\t<\/li>\n<li>\n\t\t\t\t<a href=\"http:\/\/digg.com\/submit?url=https:\/\/cirujanoplasticomurcia.es\/cirugia-estetica-facial-periorbitaria\/&#038;title=Cirug%C3%ADa+Est%C3%A9tica+Facial%2C+Periorbitaria+y+Rinoplastia\" target=\"_blank\"><br \/>\n\t\t\t\t\t<img decoding=\"async\" class=\"no-preload\" src=\"\/wp-content\/themes\/modernize\/images\/icon\/dark\/social\/digg-share.png\"><br \/>\n\t\t\t\t<\/a>\n\t\t\t<\/li>\n<li>\n\t\t\t\t<a href=\"http:\/\/reddit.com\/submit?url=https:\/\/cirujanoplasticomurcia.es\/cirugia-estetica-facial-periorbitaria\/&#038;title=Cirug%C3%ADa+Est%C3%A9tica+Facial%2C+Periorbitaria+y+Rinoplastia\" target=\"_blank\"><br \/>\n\t\t\t\t\t<img decoding=\"async\" class=\"no-preload\" src=\"\/wp-content\/themes\/modernize\/images\/icon\/dark\/social\/reddit-share.png\"><br \/>\n\t\t\t\t<\/a>\n\t\t\t<\/li>\n<li>\n\t\t\t\t<a href=\"http:\/\/www.linkedin.com\/shareArticle?mini=true&#038;url=https:\/\/cirujanoplasticomurcia.es\/cirugia-estetica-facial-periorbitaria\/&#038;title=Cirug%C3%ADa+Est%C3%A9tica+Facial%2C+Periorbitaria+y+Rinoplastia\" target=\"_blank\"><br \/>\n\t\t\t\t\t<img decoding=\"async\" class=\"no-preload\" src=\"\/wp-content\/themes\/modernize\/images\/icon\/dark\/social\/linkedin-share.png\"><br \/>\n\t\t\t\t<\/a>\n\t\t\t<\/li>\n<\/ul>\n<\/div>\n<div class='clear'><\/div>\n<div class=\"comment-wrapper\"><!-- Check Authorize --><br \/>\n<!-- Comment List --><br \/>\n<!-- Comment Form --><\/p>\n<div id=\"respond\" class=\"comment-respond\">\n<h3 id=\"reply-title\" class=\"comment-reply-title\">Deje su opini\u00f3n <small><a rel=\"nofollow\" id=\"cancel-comment-reply-link\" href=\"\/index.html#respond\" style=\"display:none;\">Cancelar la respuesta<\/a><\/small><\/h3>\n<p class=\"must-log-in\">Lo siento, debes estar <a href=\"\/entrada\/index.html%3Fredirect_to=https:%252F%252Fcirujanoplasticomurcia.es%252Fcirugia-estetica-facial-periorbitaria%252F.html\">conectado<\/a> para publicar un comentario.<\/p>\n<\/p><\/div>\n<p><!-- #respond --><\/p>\n<p class=\"akismet_comment_form_privacy_notice\">Este sitio usa Akismet para reducir el spam. <a href=\"https:\/\/akismet.com\/privacy\/\" target=\"_blank\" rel=\"nofollow noopener\"> Aprende c\u00f3mo se procesan los datos de tus comentarios.<\/a><\/p>\n<\/div>\n<\/div><\/div>\n<p> <!-- gdl-page-item --><\/p><\/div>\n<div class='five columns mt0 gdl-right-sidebar'>\n<div class='right-sidebar-wrapper gdl-divider'>\n<div class=\"custom-sidebar gdl-divider widget_categories\" id=\"categories-3\" >\n<h3 class=\"custom-sidebar-title sidebar-title-color gdl-title\">Categor\u00edas<\/h3>\n<ul>\n<li class=\"cat-item cat-item-17\"><a href=\"\/category\/aecep\/index.html\">AECEP<\/a> (1)\n<\/li>\n<li class=\"cat-item cat-item-2\"><a href=\"\/category\/cirugia-estetica\/index.html\">Cirug\u00eda Est\u00e9tica<\/a> (3)\n<\/li>\n<li class=\"cat-item cat-item-3\"><a href=\"\/category\/cirugia-plastica\/index.html\">Cirug\u00eda Pl\u00e1stica<\/a> (5)\n<\/li>\n<li class=\"cat-item cat-item-4\"><a href=\"\/category\/cirugia-reparadora\/index.html\">Cirug\u00eda Reparadora<\/a> (2)\n<\/li>\n<li class=\"cat-item cat-item-16\"><a href=\"\/category\/simposios-y-congresos\/index.html\">Simp\u00f3sios y Congresos<\/a> (3)\n<\/li>\n<li class=\"cat-item cat-item-5\"><a href=\"\/category\/smcpre\/index.html\">SMCPRE<\/a> (8)\n<\/li>\n<\/ul><\/div>\n<div class=\"custom-sidebar gdl-divider recentpost-widget\" id=\"recentpost-widget-3\" >\n<h3 class=\"custom-sidebar-title sidebar-title-color gdl-title\">\u00daltimas Entradas<\/h3>\n<div class='gdl-recent-post-widget'>\n<div class=\"recent-post-widget\">\n<div class=\"recent-post-widget-thumbnail\"><a href=\"\/jornadas-casos-clinicos-cirugia-estetica\/index.html\"><img decoding=\"async\" src=\"\/wp-content\/uploads\/2024\/04\/I-jornadas-casos-clinicos-70x45.png\" alt=\"I Jornadas de Casos Cl\u00ednicos Cirug\u00eda Pl\u00e1stica, Est\u00e9tica y Reparadora\"\/><\/a><\/div>\n<div class=\"recent-post-widget-context\">\n<div class=\"recent-post-widget-title gdl-title\">\n\t\t\t\t\t\t\t<a href=\"\/jornadas-casos-clinicos-cirugia-estetica\/index.html\"><br \/>\n\t\t\t\t\t\t\t\tI Jornadas de Casos Cl\u00ednicos Cirug\u00eda Pl\u00e1stica, Est\u00e9tica y Reparadora<br \/>\n\t\t\t\t\t\t\t<\/a>\n\t\t\t\t\t\t<\/div>\n<div class=\"recent-post-widget-date post-info-color\">\n\t\t\t\t\t\t\tAbr 29, 2024\t\t\t\t\t\t<\/div>\n<\/p><\/div>\n<div class=\"clear\"><\/div>\n<\/p><\/div>\n<div class=\"recent-post-widget\">\n<div class=\"recent-post-widget-thumbnail\"><a href=\"\/tecnicas-rejuvenecimiento-facial\/index.html\"><img decoding=\"async\" src=\"\/wp-content\/uploads\/2013\/03\/curso-aecep-Vigo-70x45.jpg\" alt=\"Curso C. Facial AECEP Vigo\"\/><\/a><\/div>\n<div class=\"recent-post-widget-context\">\n<div class=\"recent-post-widget-title gdl-title\">\n\t\t\t\t\t\t\t<a href=\"\/tecnicas-rejuvenecimiento-facial\/index.html\"><br \/>\n\t\t\t\t\t\t\t\tCurso AECEP: t\u00e9cnicas quir\u00fargicas y no quir\u00fargicas de Rejuvenecimiento Facial.<br \/>\n\t\t\t\t\t\t\t<\/a>\n\t\t\t\t\t\t<\/div>\n<div class=\"recent-post-widget-date post-info-color\">\n\t\t\t\t\t\t\tMar 07, 2013\t\t\t\t\t\t<\/div>\n<\/p><\/div>\n<div class=\"clear\"><\/div>\n<\/p><\/div>\n<div class=\"recent-post-widget\">\n<div class=\"recent-post-widget-thumbnail\"><a href=\"\/jornada-medico-legal-cirugia-plastica-estetica\/index.html\"><img decoding=\"async\" src=\"\/wp-content\/uploads\/2013\/02\/jornada-70x45.jpg\" alt=\"jornada medico-legal\"\/><\/a><\/div>\n<div class=\"recent-post-widget-context\">\n<div class=\"recent-post-widget-title gdl-title\">\n\t\t\t\t\t\t\t<a href=\"\/jornada-medico-legal-cirugia-plastica-estetica\/index.html\"><br \/>\n\t\t\t\t\t\t\t\tII Jornada M\u00e9dico-Legal en Cirug\u00eda Pl\u00e1stica-Est\u00e9tica<br \/>\n\t\t\t\t\t\t\t<\/a>\n\t\t\t\t\t\t<\/div>\n<div class=\"recent-post-widget-date post-info-color\">\n\t\t\t\t\t\t\tFeb 07, 2013\t\t\t\t\t\t<\/div>\n<\/p><\/div>\n<div class=\"clear\"><\/div>\n<\/p><\/div>\n<div class=\"recent-post-widget\">\n<div class=\"recent-post-widget-thumbnail\"><a href=\"\/14-simposio-cirugia-plastica\/index.html\"><img decoding=\"async\" src=\"\/wp-content\/uploads\/2013\/02\/simposio_imag-70x45.jpg\" alt=\"Programa cient\u00edfico del simposio\"\/><\/a><\/div>\n<div class=\"recent-post-widget-context\">\n<div class=\"recent-post-widget-title gdl-title\">\n\t\t\t\t\t\t\t<a href=\"\/14-simposio-cirugia-plastica\/index.html\"><br \/>\n\t\t\t\t\t\t\t\tXIV Simposio Intercional de Cirug\u00eda Pl\u00e1stica<br \/>\n\t\t\t\t\t\t\t<\/a>\n\t\t\t\t\t\t<\/div>\n<div class=\"recent-post-widget-date post-info-color\">\n\t\t\t\t\t\t\tFeb 07, 2013\t\t\t\t\t\t<\/div>\n<\/p><\/div>\n<div class=\"clear\"><\/div>\n<\/p><\/div>\n<\/p><\/div>\n<\/div>\n<div class=\"custom-sidebar gdl-divider widget_archive\" id=\"archives-3\" >\n<h3 class=\"custom-sidebar-title sidebar-title-color gdl-title\">Archivos<\/h3>\n<p>\t\t<label class=\"screen-reader-text\" for=\"archives-dropdown-3\">Archivos<\/label><br \/>\n\t\t<select id=\"archives-dropdown-3\" name=\"archive-dropdown\"><option value=\"\">Elegir el mes<\/option><option value='https:\/\/cirujanoplasticomurcia.es\/2024\/04\/'> abril 2024 <\/option><option value='https:\/\/cirujanoplasticomurcia.es\/2013\/03\/'> marzo 2013 <\/option><option value='https:\/\/cirujanoplasticomurcia.es\/2013\/02\/'> febrero 2013 <\/option><option value='https:\/\/cirujanoplasticomurcia.es\/2012\/12\/'> diciembre 2012 <\/option><option value='https:\/\/cirujanoplasticomurcia.es\/2012\/11\/'> noviembre 2012 <\/option><\/select><\/p>\n<\/div>\n<div class=\"custom-sidebar gdl-divider widget_recent_comments\" id=\"recent-comments-3\" >\n<h3 class=\"custom-sidebar-title sidebar-title-color gdl-title\">Comentarios recientes<\/h3>\n<ul id=\"recentcomments\"><\/ul>\n<\/div>\n<div class='pt30'><\/div>\n<\/div>\n<\/div>\n<div class=\"clear\"><\/div>\n<\/p><\/div>\n<p> <!-- content-wrapper --><\/p><\/div>\n<p> <!-- header content wrapper -->\n\t<\/div>\n<p> <!-- content container --><\/p>\n","protected":false},"excerpt":{"rendered":"<p>Cirug\u00eda Est\u00e9tica Facial, Periorbitaria y Rinoplastia diciembre 27, 2012 by Editorial cirug\u00eda est\u00e9tica, cirug\u00eda facial, cirug\u00eda periorbitaria, rinoplastia 0 Comment Programa de Cirug\u00eda Est\u00e9tica Facial, Periorbitaria y Rinoplastia &nbsp; Archivo PDF Compartir Deje su opini\u00f3n Cancelar la respuesta Lo siento, debes estar conectado para publicar un comentario. Este sitio usa Akismet para reducir el spam. [&hellip;]<\/p>\n","protected":false},"author":1,"featured_media":0,"parent":0,"menu_order":0,"comment_status":"closed","ping_status":"closed","template":"","meta":{"footnotes":""},"class_list":["post-42","page","type-page","status-publish","hentry"],"_links":{"self":[{"href":"https:\/\/cirujanos-plasticos.jorgebastida.es\/index.php?rest_route=\/wp\/v2\/pages\/42","targetHints":{"allow":["GET"]}}],"collection":[{"href":"https:\/\/cirujanos-plasticos.jorgebastida.es\/index.php?rest_route=\/wp\/v2\/pages"}],"about":[{"href":"https:\/\/cirujanos-plasticos.jorgebastida.es\/index.php?rest_route=\/wp\/v2\/types\/page"}],"author":[{"embeddable":true,"href":"https:\/\/cirujanos-plasticos.jorgebastida.es\/index.php?rest_route=\/wp\/v2\/users\/1"}],"replies":[{"embeddable":true,"href":"https:\/\/cirujanos-plasticos.jorgebastida.es\/index.php?rest_route=%2Fwp%2Fv2%2Fcomments&post=42"}],"version-history":[{"count":0,"href":"https:\/\/cirujanos-plasticos.jorgebastida.es\/index.php?rest_route=\/wp\/v2\/pages\/42\/revisions"}],"wp:attachment":[{"href":"https:\/\/cirujanos-plasticos.jorgebastida.es\/index.php?rest_route=%2Fwp%2Fv2%2Fmedia&parent=42"}],"curies":[{"name":"wp","href":"https:\/\/api.w.org\/{rel}","templated":true}]}}