{"id":40,"date":"2026-01-01T00:00:00","date_gmt":"2026-01-01T00:00:00","guid":{"rendered":"https:\/\/cirujanos-plasticos.jorgebastida.es\/?page_id=40"},"modified":"2026-05-16T19:09:23","modified_gmt":"2026-05-16T19:09:23","slug":"cirujanos-plasticos-murcia-paloma-ramon","status":"publish","type":"page","link":"https:\/\/cirujanos-plasticos.jorgebastida.es\/?page_id=40","title":{"rendered":"Dra. Paloma Ram\u00f3n Faba"},"content":{"rendered":"<div class=\"content-wrapper sidebar-included right-sidebar\">\n<div class=\"page-wrapper\">\n<div class=\"gdl-page-float-left\">\n<div class=\"gdl-page-item\">\n<div class=\"sixteen columns mt30\">\n<div class=\"gdl-page-content\">\n<p><img decoding=\"async\" src=\"https:\/\/cirujanoplasticomurcia.es\/wp-content\/uploads\/2012\/12\/logo-p-ramon.png\" alt=\"Paloma Ram\u00f3n: Cirug\u00eda Est\u00e9tica\" \/><\/p>\n<h2>Cl\u00ednica de Cirug\u00eda Est\u00e9tica y Dermatol\u00f3gica<\/h2>\n<h3>Dra. Paloma Ram\u00f3n Faba<\/h3>\n<p>C\/Batalla de las Flores 3, 1\u00ba A<\/p>\n<p>30008 \u2013 Murcia<\/p>\n<p>Tel: <a href=\"tel:968231581\"><strong>968 231 581<\/strong><\/a><\/p>\n<p>E-mail: <a href=\"mailto:ramonfaba@gmail.com\">ramonfaba@gmail.com<\/a><\/p>\n<p>&nbsp;<\/p>\n<p><iframe loading=\"lazy\" src=\"https:\/\/mapsengine.google.com\/map\/u\/0\/embed?mid=zFJH5-PuIeOk.k9GZiWAC4_eo\" width=\"640\" height=\"480\"><\/iframe><\/p>\n<p>&nbsp;<\/p>\n<p>Puede contactar con la Dra. Paloma Ram\u00f3n, pedir un presupuesto o una cita a trav\u00e9s del siguiente formulario.<\/p>\n<div>Recibir\u00e1 respuesta a la mayor brevedad.<\/div>\n<\/div>\n<\/div>\n<div class=\"sixteen columns mt30\">\n<div id=\"gdl-contact-form\" class=\"contact-form-wrapper\">\n<form id=\"gdl-contact-form\">\n<ol class=\"forms\">\n<li><strong>Nombre *<\/strong><br \/>\n<input class=\"require-field\" name=\"name\" type=\"text\" \/><\/p>\n<div class=\"error\">* Por favor introduzca su nombre<\/div>\n<\/li>\n<li><strong>Email *<\/strong><br \/>\n<input class=\"require-field email\" name=\"email\" type=\"text\" \/><\/p>\n<div class=\"error\">* Por favor introduzca un Email v\u00e1lido<\/div>\n<\/li>\n<li class=\"textarea\"><strong>Mensaje: *<\/strong><br \/>\n<textarea class=\"require-field\" name=\"message\"><\/textarea><\/p>\n<div class=\"error\">* Por favor introduzca su Mensaje:<\/div>\n<\/li>\n<li><input name=\"receiver\" type=\"hidden\" value=\"ramonfaba@gmail.com\" \/><\/li>\n<li id=\"sending-result\" class=\"sending-result\">\n<div class=\"message-box-wrapper green\"><\/div>\n<\/li>\n<li class=\"buttons\"><button class=\"contact-submit button\" type=\"submit\">Enviar<\/button>\n<div id=\"contact-loading\" class=\"contact-loading\"><\/div>\n<\/li>\n<\/ol>\n<\/form>\n<div class=\"clear\"><\/div>\n<\/div>\n<\/div>\n<\/div>\n<\/div>\n<div class=\"five columns mt0 gdl-right-sidebar\">\n<div class=\"right-sidebar-wrapper gdl-divider\">\n<div id=\"pages-2\" class=\"custom-sidebar gdl-divider widget_pages\">\n<h3 class=\"custom-sidebar-title sidebar-title-color gdl-title\">Miembros de la SMCPRE<\/h3>\n<ul>\n<li class=\"page_item page-item-918\"><a href=\"\/dr-alejandro-sanchez-rodenas\/index.html\">Dr. Alejandro S\u00e1nchez R\u00f3denas<\/a><\/li>\n<li class=\"page_item page-item-931\"><a href=\"\/dr-pablo-jose-vera-garcia\/index.html\">Dr. Pablo Jos\u00e9 Vera Garc\u00eda<\/a><\/li>\n<li class=\"page_item page-item-599\"><a href=\"\/cirujano-plastico-pedreno-guerao\/index.html\">Dr. Francisco Pedre\u00f1o Guerao<\/a><\/li>\n<li class=\"page_item page-item-409\"><a href=\"\/eduardo-alvarez-carretero\/index.html\">Dr. Eduardo Alvarez Carretero<\/a><\/li>\n<li class=\"page_item page-item-765\"><a href=\"\/dr-francisco-del-pino-laccourreye\/index.html\">Dr. Francisco del Pino Laccourreye<\/a><\/li>\n<li class=\"page_item page-item-116\"><a href=\"\/francisco-jacinto-pedreno\/index.html\">Dr. Francisco Jacinto Pedre\u00f1o Ruiz<\/a><\/li>\n<li class=\"page_item page-item-371\"><a href=\"\/h-rodriguez-cirujano-plastico\/index.html\">Dr. Humberto Rodr\u00edguez Men\u00e9s<\/a><\/li>\n<li class=\"page_item page-item-752\"><a href=\"\/dr-garcia-contreras\/index.html\">Dr. Juan de Dios Garc\u00eda Contreras<\/a><\/li>\n<li class=\"page_item page-item-414\"><a href=\"\/pablo-canadillas-cirujano-plastic\/index.html\">Dr. Pablo Ca\u00f1adillas Math\u00edas<\/a><\/li>\n<li class=\"page_item page-item-298\"><a href=\"\/rafael-blanco-cirujano-plastico\/index.html\">Dr. Rafael Blanco Tapias<\/a><\/li>\n<li class=\"page_item page-item-635\"><a href=\"\/ramon-moreno-cirujano-plastico\/index.html\">Dr. Ram\u00f3n Andr\u00e9s Moreno Villalba<\/a><\/li>\n<li class=\"page_item page-item-659\"><a href=\"\/sergio-canovas-sanchis\/index.html\">Dr. Sergio C\u00e1novas Sanchis<\/a><\/li>\n<li class=\"page_item page-item-383 current_page_item\"><a href=\"\/index.html\" aria-current=\"page\">Dra. Paloma Ram\u00f3n Faba<\/a><\/li>\n<li class=\"page_item page-item-723\"><a href=\"\/virginia-lopez-castillo\/index.html\">Dra. Virginia L\u00f3pez Castillo<\/a><\/li>\n<\/ul>\n<\/div>\n<div id=\"nav_menu-3\" class=\"custom-sidebar gdl-divider widget_nav_menu\">\n<h3 class=\"custom-sidebar-title sidebar-title-color gdl-title\">Enlaces de Inter\u00e9s<\/h3>\n<div class=\"menu-barra-lateral-container\">\n<ul id=\"menu-barra-lateral\" class=\"menu\">\n<li id=\"menu-item-523\" class=\"menu-item menu-item-type-custom menu-item-object-custom menu-item-523\"><a title=\" Recursos que necesitas para tu pr\u00e1ctica diaria\" href=\"http:\/\/www.educpre.es\/\">Educpre \u2013 Plataforma educativa de c.pl\u00e1stica, reparadora y est\u00e9tica<\/a><\/li>\n<li id=\"menu-item-524\" class=\"menu-item menu-item-type-custom menu-item-object-custom menu-item-524\"><a title=\"IPRAS Confederaci\u00f3n Internacional de cirug\u00eda Pl\u00e1stica, Reparadora y Est\u00e9tica\" href=\"http:\/\/www.ipras.org\/\">IPRAS \u2013 International Confederaci\u00f3n for Plastic Reconstructive &amp; Aesthetic Surgery<\/a><\/li>\n<li id=\"menu-item-525\" class=\"menu-item menu-item-type-custom menu-item-object-custom menu-item-525\"><a title=\"Sociedad Internacional de Cirug\u00eda Pl\u00e1stica y Est\u00e9tica.\" href=\"http:\/\/www.isaps.org\/\">ISAPS \u2013 International Society of Aesthetic Plastic Surgery<\/a><\/li>\n<li id=\"menu-item-526\" class=\"menu-item menu-item-type-custom menu-item-object-custom menu-item-526\"><a title=\" Registro Nacional de Pr\u00f3tesis de Mama.\" href=\"http:\/\/www.cirugiadellinfedema.org\/\">SREIM \u2013 Sistema de Registro Espa\u00f1ol de Implantes Mamarios<\/a><\/li>\n<\/ul>\n<\/div>\n<\/div>\n<div class=\"pt30\"><\/div>\n<\/div>\n<\/div>\n<p>&nbsp;<\/p>\n<\/div>\n<\/div>\n<p><!-- content-wrapper --><\/p>\n<p><!-- header content wrapper --><\/p>\n<p><!-- content container --><\/p>\n","protected":false},"excerpt":{"rendered":"<p>Cl\u00ednica de Cirug\u00eda Est\u00e9tica y Dermatol\u00f3gica Dra. Paloma Ram\u00f3n Faba C\/Batalla de las Flores 3, 1\u00ba A 30008 \u2013 Murcia Tel: 968 231 581 E-mail: ramonfaba@gmail.com &nbsp; &nbsp; Puede contactar con la Dra. Paloma Ram\u00f3n, pedir un presupuesto o una cita a trav\u00e9s del siguiente formulario. Recibir\u00e1 respuesta a la mayor brevedad. Nombre * * [&hellip;]<\/p>\n","protected":false},"author":1,"featured_media":0,"parent":0,"menu_order":0,"comment_status":"closed","ping_status":"closed","template":"","meta":{"footnotes":""},"class_list":["post-40","page","type-page","status-publish","hentry"],"_links":{"self":[{"href":"https:\/\/cirujanos-plasticos.jorgebastida.es\/index.php?rest_route=\/wp\/v2\/pages\/40","targetHints":{"allow":["GET"]}}],"collection":[{"href":"https:\/\/cirujanos-plasticos.jorgebastida.es\/index.php?rest_route=\/wp\/v2\/pages"}],"about":[{"href":"https:\/\/cirujanos-plasticos.jorgebastida.es\/index.php?rest_route=\/wp\/v2\/types\/page"}],"author":[{"embeddable":true,"href":"https:\/\/cirujanos-plasticos.jorgebastida.es\/index.php?rest_route=\/wp\/v2\/users\/1"}],"replies":[{"embeddable":true,"href":"https:\/\/cirujanos-plasticos.jorgebastida.es\/index.php?rest_route=%2Fwp%2Fv2%2Fcomments&post=40"}],"version-history":[{"count":1,"href":"https:\/\/cirujanos-plasticos.jorgebastida.es\/index.php?rest_route=\/wp\/v2\/pages\/40\/revisions"}],"predecessor-version":[{"id":129,"href":"https:\/\/cirujanos-plasticos.jorgebastida.es\/index.php?rest_route=\/wp\/v2\/pages\/40\/revisions\/129"}],"wp:attachment":[{"href":"https:\/\/cirujanos-plasticos.jorgebastida.es\/index.php?rest_route=%2Fwp%2Fv2%2Fmedia&parent=40"}],"curies":[{"name":"wp","href":"https:\/\/api.w.org\/{rel}","templated":true}]}}