{"id":38,"date":"2026-01-01T00:00:00","date_gmt":"2026-01-01T00:00:00","guid":{"rendered":"https:\/\/cirujanos-plasticos.jorgebastida.es\/?page_id=38"},"modified":"2026-05-16T19:04:41","modified_gmt":"2026-05-16T19:04:41","slug":"cirujanos-plasticos-murcia-sergio-canovas-sanchis","status":"publish","type":"page","link":"https:\/\/cirujanos-plasticos.jorgebastida.es\/?page_id=38","title":{"rendered":"Dr. Sergio C\u00e1novas Sanch\u00eds"},"content":{"rendered":"<div class=\"content-wrapper sidebar-included right-sidebar\">\n<div class=\"page-wrapper\">\n<div class=\"gdl-page-float-left\">\n<div class=\"gdl-page-item\">\n<div class=\"sixteen columns mt30\">\n<h1 class=\"gdl-page-title gdl-divider gdl-title title-color\"><span style=\"font-size: 16px;\">Especialista en Cirug\u00eda Pl\u00e1stica, Reparadora y Est\u00e9tica.<\/span><\/h1>\n<div class=\"gdl-page-content\">\n<p>N\u00ba de colegiado 4623, Murcia.<\/p>\n<p>Lugar de trabajo: Hospital Cl\u00ednico Universitario Virgen de la Arrixaca, El Palmar, Murcia.<\/p>\n<p>El Dr. Sergio C\u00e1novas Sanchis\u00a0trabaja en HCUVA, y es profesor asociado de la Facultad de Enfermer\u00eda de la UCAM, Murcia.<\/p>\n<p>Tel\u00e9fono de contacto\u00a0<a href=\"tel:968369460\">968369460<\/a>\u00a0(Secretar\u00eda del Servicio de Cirug\u00eda Pl\u00e1stica y Quemados).<\/p>\n<p><iframe loading=\"lazy\" src=\"https:\/\/maps.google.es\/maps\/ms?msa=0&amp;msid=211298563873300086723.0004d81c55229b2cf50e9&amp;hl=es&amp;ie=UTF8&amp;t=m&amp;ll=37.97668,-1.155624&amp;spn=0.18944,0.291824&amp;z=11&amp;output=embed\" width=\"640\" height=\"480\" frameborder=\"0\" marginwidth=\"0\" marginheight=\"0\" scrolling=\"no\"><\/iframe><br \/>\n<small>Ver <a style=\"color: #0000ff; text-align: left;\" href=\"https:\/\/maps.google.es\/maps\/ms?msa=0&amp;msid=211298563873300086723.0004d81c55229b2cf50e9&amp;hl=es&amp;ie=UTF8&amp;t=m&amp;ll=37.97668,-1.155624&amp;spn=0.18944,0.291824&amp;z=11&amp;source=embed\">Hospital Universitario Virgen de la Arrixaca<\/a> en un mapa m\u00e1s grande<\/small><\/p>\n<p>Tambi\u00e9n puede contactar con el Dr. Sergio C\u00e1novas Sanchis, pedir un presupuesto o una cita, rellenando el siguiente cuestionario.\u00a0<span style=\"font-size: 13px; line-height: 19px;\">Recibir\u00e1 nuestra respuesta a la mayor brevedad.<\/span><\/p>\n<\/div>\n<\/div>\n<div class=\"sixteen columns mt30\">\n<div id=\"gdl-contact-form\" class=\"contact-form-wrapper\">\n<form id=\"gdl-contact-form\">\n<ol class=\"forms\">\n<li><strong>Nombre *<\/strong><br \/>\n<input class=\"require-field\" name=\"name\" type=\"text\" \/><\/p>\n<div class=\"error\">* Por favor introduzca su nombre<\/div>\n<\/li>\n<li><strong>Email *<\/strong><br \/>\n<input class=\"require-field email\" name=\"email\" type=\"text\" \/><\/p>\n<div class=\"error\">* Por favor introduzca un Email v\u00e1lido<\/div>\n<\/li>\n<li class=\"textarea\"><strong>Mensaje: *<\/strong><br \/>\n<textarea class=\"require-field\" name=\"message\"><\/textarea><\/p>\n<div class=\"error\">* Por favor introduzca su Mensaje:<\/div>\n<\/li>\n<li><input name=\"receiver\" type=\"hidden\" value=\"sergio.canovas@carm.es\" \/><\/li>\n<li id=\"sending-result\" class=\"sending-result\">\n<div class=\"message-box-wrapper green\"><\/div>\n<\/li>\n<li class=\"buttons\"><button class=\"contact-submit button\" type=\"submit\">Enviar<\/button>\n<div id=\"contact-loading\" class=\"contact-loading\"><\/div>\n<\/li>\n<\/ol>\n<\/form>\n<div class=\"clear\"><\/div>\n<\/div>\n<\/div>\n<\/div>\n<\/div>\n<div class=\"five columns mt0 gdl-right-sidebar\">\n<div class=\"right-sidebar-wrapper gdl-divider\">\n<div id=\"pages-2\" class=\"custom-sidebar gdl-divider widget_pages\">\n<h3 class=\"custom-sidebar-title sidebar-title-color gdl-title\">Miembros de la SMCPRE<\/h3>\n<ul>\n<li class=\"page_item page-item-918\"><a href=\"\/dr-alejandro-sanchez-rodenas\/index.html\">Dr. Alejandro S\u00e1nchez R\u00f3denas<\/a><\/li>\n<li class=\"page_item page-item-931\"><a href=\"\/dr-pablo-jose-vera-garcia\/index.html\">Dr. Pablo Jos\u00e9 Vera Garc\u00eda<\/a><\/li>\n<li class=\"page_item page-item-599\"><a href=\"\/cirujano-plastico-pedreno-guerao\/index.html\">Dr. Francisco Pedre\u00f1o Guerao<\/a><\/li>\n<li class=\"page_item page-item-409\"><a href=\"\/eduardo-alvarez-carretero\/index.html\">Dr. Eduardo Alvarez Carretero<\/a><\/li>\n<li class=\"page_item page-item-765\"><a href=\"\/dr-francisco-del-pino-laccourreye\/index.html\">Dr. Francisco del Pino Laccourreye<\/a><\/li>\n<li class=\"page_item page-item-116\"><a href=\"\/francisco-jacinto-pedreno\/index.html\">Dr. Francisco Jacinto Pedre\u00f1o Ruiz<\/a><\/li>\n<li class=\"page_item page-item-371\"><a href=\"\/h-rodriguez-cirujano-plastico\/index.html\">Dr. Humberto Rodr\u00edguez Men\u00e9s<\/a><\/li>\n<li class=\"page_item page-item-752\"><a href=\"\/dr-garcia-contreras\/index.html\">Dr. Juan de Dios Garc\u00eda Contreras<\/a><\/li>\n<li class=\"page_item page-item-414\"><a href=\"\/pablo-canadillas-cirujano-plastic\/index.html\">Dr. Pablo Ca\u00f1adillas Math\u00edas<\/a><\/li>\n<li class=\"page_item page-item-298\"><a href=\"\/rafael-blanco-cirujano-plastico\/index.html\">Dr. Rafael Blanco Tapias<\/a><\/li>\n<li class=\"page_item page-item-635\"><a href=\"\/ramon-moreno-cirujano-plastico\/index.html\">Dr. Ram\u00f3n Andr\u00e9s Moreno Villalba<\/a><\/li>\n<li class=\"page_item page-item-659 current_page_item\"><a href=\"\/index.html\" aria-current=\"page\">Dr. Sergio C\u00e1novas Sanchis<\/a><\/li>\n<li class=\"page_item page-item-383\"><a href=\"\/paloma-ramon\/index.html\">Dra. Paloma Ram\u00f3n Faba<\/a><\/li>\n<li class=\"page_item page-item-723\"><a href=\"\/virginia-lopez-castillo\/index.html\">Dra. Virginia L\u00f3pez Castillo<\/a><\/li>\n<\/ul>\n<\/div>\n<div id=\"nav_menu-3\" class=\"custom-sidebar gdl-divider widget_nav_menu\">\n<h3 class=\"custom-sidebar-title sidebar-title-color gdl-title\">Enlaces de Inter\u00e9s<\/h3>\n<div class=\"menu-barra-lateral-container\">\n<ul id=\"menu-barra-lateral\" class=\"menu\">\n<li id=\"menu-item-523\" class=\"menu-item menu-item-type-custom menu-item-object-custom menu-item-523\"><a title=\" Recursos que necesitas para tu pr\u00e1ctica diaria\" href=\"http:\/\/www.educpre.es\/\">Educpre \u2013 Plataforma educativa de c.pl\u00e1stica, reparadora y est\u00e9tica<\/a><\/li>\n<li id=\"menu-item-524\" class=\"menu-item menu-item-type-custom menu-item-object-custom menu-item-524\"><a title=\"IPRAS Confederaci\u00f3n Internacional de cirug\u00eda Pl\u00e1stica, Reparadora y Est\u00e9tica\" href=\"http:\/\/www.ipras.org\/\">IPRAS \u2013 International Confederaci\u00f3n for Plastic Reconstructive &amp; Aesthetic Surgery<\/a><\/li>\n<li id=\"menu-item-525\" class=\"menu-item menu-item-type-custom menu-item-object-custom menu-item-525\"><a title=\"Sociedad Internacional de Cirug\u00eda Pl\u00e1stica y Est\u00e9tica.\" href=\"http:\/\/www.isaps.org\/\">ISAPS \u2013 International Society of Aesthetic Plastic Surgery<\/a><\/li>\n<li id=\"menu-item-526\" class=\"menu-item menu-item-type-custom menu-item-object-custom menu-item-526\"><a title=\" Registro Nacional de Pr\u00f3tesis de Mama.\" href=\"http:\/\/www.cirugiadellinfedema.org\/\">SREIM \u2013 Sistema de Registro Espa\u00f1ol de Implantes Mamarios<\/a><\/li>\n<\/ul>\n<\/div>\n<\/div>\n<div class=\"pt30\"><\/div>\n<\/div>\n<\/div>\n<p>&nbsp;<\/p>\n<\/div>\n<\/div>\n<p><!-- content-wrapper --><\/p>\n<p><!-- header content wrapper --><\/p>\n<p><!-- content container --><\/p>\n","protected":false},"excerpt":{"rendered":"<p>Especialista en Cirug\u00eda Pl\u00e1stica, Reparadora y Est\u00e9tica. N\u00ba de colegiado 4623, Murcia. Lugar de trabajo: Hospital Cl\u00ednico Universitario Virgen de la Arrixaca, El Palmar, Murcia. El Dr. Sergio C\u00e1novas Sanchis\u00a0trabaja en HCUVA, y es profesor asociado de la Facultad de Enfermer\u00eda de la UCAM, Murcia. Tel\u00e9fono de contacto\u00a0968369460\u00a0(Secretar\u00eda del Servicio de Cirug\u00eda Pl\u00e1stica y Quemados). [&hellip;]<\/p>\n","protected":false},"author":1,"featured_media":0,"parent":0,"menu_order":0,"comment_status":"closed","ping_status":"closed","template":"","meta":{"footnotes":""},"class_list":["post-38","page","type-page","status-publish","hentry"],"_links":{"self":[{"href":"https:\/\/cirujanos-plasticos.jorgebastida.es\/index.php?rest_route=\/wp\/v2\/pages\/38","targetHints":{"allow":["GET"]}}],"collection":[{"href":"https:\/\/cirujanos-plasticos.jorgebastida.es\/index.php?rest_route=\/wp\/v2\/pages"}],"about":[{"href":"https:\/\/cirujanos-plasticos.jorgebastida.es\/index.php?rest_route=\/wp\/v2\/types\/page"}],"author":[{"embeddable":true,"href":"https:\/\/cirujanos-plasticos.jorgebastida.es\/index.php?rest_route=\/wp\/v2\/users\/1"}],"replies":[{"embeddable":true,"href":"https:\/\/cirujanos-plasticos.jorgebastida.es\/index.php?rest_route=%2Fwp%2Fv2%2Fcomments&post=38"}],"version-history":[{"count":1,"href":"https:\/\/cirujanos-plasticos.jorgebastida.es\/index.php?rest_route=\/wp\/v2\/pages\/38\/revisions"}],"predecessor-version":[{"id":123,"href":"https:\/\/cirujanos-plasticos.jorgebastida.es\/index.php?rest_route=\/wp\/v2\/pages\/38\/revisions\/123"}],"wp:attachment":[{"href":"https:\/\/cirujanos-plasticos.jorgebastida.es\/index.php?rest_route=%2Fwp%2Fv2%2Fmedia&parent=38"}],"curies":[{"name":"wp","href":"https:\/\/api.w.org\/{rel}","templated":true}]}}