{"id":34,"date":"2026-01-01T00:00:00","date_gmt":"2026-01-01T00:00:00","guid":{"rendered":"https:\/\/cirujanos-plasticos.jorgebastida.es\/?page_id=34"},"modified":"2026-05-16T18:57:54","modified_gmt":"2026-05-16T18:57:54","slug":"cirujanos-plasticos-murcia-h-rodriguez-cirujano-plastico","status":"publish","type":"page","link":"https:\/\/cirujanos-plasticos.jorgebastida.es\/?page_id=34","title":{"rendered":"Dr. Humberto Rodr\u00edguez Men\u00e9s"},"content":{"rendered":"<div class=\"content-wrapper sidebar-included right-sidebar\">\n<div class=\"page-wrapper\">\n<div class=\"gdl-page-float-left\">\n<div class=\"gdl-page-item\">\n<div class=\"sixteen columns mt30\">\n<h1 class=\"gdl-page-title gdl-divider gdl-title title-color\"><\/h1>\n<div class=\"gdl-page-content\">\n<div class=\"shortcode1-2\">\n<p><img decoding=\"async\" src=\"https:\/\/cirujanoplasticomurcia.es\/wp-content\/uploads\/2012\/12\/H-Rodriguez.jpg\" alt=\"Dr. H. Rodr\u00edguez\" \/><img decoding=\"async\" class=\"alignright\" src=\"https:\/\/cirujanoplasticomurcia.es\/wp-content\/uploads\/2012\/12\/logo-h-rodriguez.png\" alt=\"Estetimed: Dr. H. rodr\u00edguez\" \/><\/p>\n<\/div>\n<p>&nbsp;<\/p>\n<h2>Cl\u00ednica de Cirug\u00eda Pl\u00e1stica y Est\u00e9tica ESTETIMED<\/h2>\n<h3>Dr. H. Rodr\u00edguez<\/h3>\n<p>Cl\u00ednica Artem\u00e9dica<\/p>\n<p>P\u00ba Fern\u00e1ndez Caballero N\u00ba 3 \u2013 3\u00ba A Edificio Ja\u00e9n \u2013 30007 Murcia<\/p>\n<p>Tel\u00e9fono:\u00a0\u00a0<strong>968 20 12 22<\/strong> Webs: <a title=\"Cirug\u00eda pl\u00e1stica Estetimed\" href=\"http:\/\/www.estetimed.com\/\" target=\"_blank\" rel=\"noopener\">www.estetimed.com<\/a><\/p>\n<p><img loading=\"lazy\" decoding=\"async\" class=\"aligncenter wp-image-812 size-full\" src=\"\/wp-content\/uploads\/2012\/12\/clinica-estetimed.jpeg\" sizes=\"auto, (max-width: 470px) 100vw, 470px\" srcset=\"..\/..\/wp-content\/uploads\/2012\/12\/clinica-estetimed.jpeg 470w, ..\/..\/wp-content\/uploads\/2012\/12\/clinica-estetimed-300x224.jpeg 300w\" alt=\"Plano de situaci\u00f3n en Murcia Centro cl\u00ednico Estetimed\" width=\"470\" height=\"352\" \/><\/p>\n<p>&nbsp;<\/p>\n<div>Puede contactar con el Dr. H. Rodr\u00edguez, pedir un presupuesto o una cita a trav\u00e9s del siguiente formulario.<\/div>\n<div>Recibir\u00e1 respuesta a la mayor brevedad.<\/div>\n<\/div>\n<\/div>\n<div class=\"sixteen columns mt30\">\n<div id=\"gdl-contact-form\" class=\"contact-form-wrapper\">\n<form id=\"gdl-contact-form\">\n<ol class=\"forms\">\n<li><strong>Nombre *<\/strong><br \/>\n<input class=\"require-field\" name=\"name\" type=\"text\" \/><\/p>\n<div class=\"error\">* Por favor introduzca su nombre<\/div>\n<\/li>\n<li><strong>Email *<\/strong><br \/>\n<input class=\"require-field email\" name=\"email\" type=\"text\" \/><\/p>\n<div class=\"error\">* Por favor introduzca un Email v\u00e1lido<\/div>\n<\/li>\n<li class=\"textarea\"><strong>Mensaje: *<\/strong><br \/>\n<textarea class=\"require-field\" name=\"message\"><\/textarea><\/p>\n<div class=\"error\">* Por favor introduzca su Mensaje:<\/div>\n<\/li>\n<li><input name=\"receiver\" type=\"hidden\" value=\"hr-menes@telefonica.net\" \/><\/li>\n<li id=\"sending-result\" class=\"sending-result\">\n<div class=\"message-box-wrapper green\"><\/div>\n<\/li>\n<li class=\"buttons\"><button class=\"contact-submit button\" type=\"submit\">Enviar<\/button>\n<div id=\"contact-loading\" class=\"contact-loading\"><\/div>\n<\/li>\n<\/ol>\n<\/form>\n<div class=\"clear\"><\/div>\n<\/div>\n<\/div>\n<\/div>\n<\/div>\n<div class=\"five columns mt0 gdl-right-sidebar\">\n<div class=\"right-sidebar-wrapper gdl-divider\">\n<div id=\"pages-2\" class=\"custom-sidebar gdl-divider widget_pages\">\n<h3 class=\"custom-sidebar-title sidebar-title-color gdl-title\">Miembros de la SMCPRE<\/h3>\n<ul>\n<li class=\"page_item page-item-918\"><a href=\"\/dr-alejandro-sanchez-rodenas\/index.html\">Dr. Alejandro S\u00e1nchez R\u00f3denas<\/a><\/li>\n<li class=\"page_item page-item-931\"><a href=\"\/dr-pablo-jose-vera-garcia\/index.html\">Dr. Pablo Jos\u00e9 Vera Garc\u00eda<\/a><\/li>\n<li class=\"page_item page-item-599\"><a href=\"\/cirujano-plastico-pedreno-guerao\/index.html\">Dr. Francisco Pedre\u00f1o Guerao<\/a><\/li>\n<li class=\"page_item page-item-409\"><a href=\"\/eduardo-alvarez-carretero\/index.html\">Dr. Eduardo Alvarez Carretero<\/a><\/li>\n<li class=\"page_item page-item-765\"><a href=\"\/dr-francisco-del-pino-laccourreye\/index.html\">Dr. Francisco del Pino Laccourreye<\/a><\/li>\n<li class=\"page_item page-item-116\"><a href=\"\/francisco-jacinto-pedreno\/index.html\">Dr. Francisco Jacinto Pedre\u00f1o Ruiz<\/a><\/li>\n<li class=\"page_item page-item-371 current_page_item\"><a href=\"\/index.html\" aria-current=\"page\">Dr. Humberto Rodr\u00edguez Men\u00e9s<\/a><\/li>\n<li class=\"page_item page-item-752\"><a href=\"\/dr-garcia-contreras\/index.html\">Dr. Juan de Dios Garc\u00eda Contreras<\/a><\/li>\n<li class=\"page_item page-item-414\"><a href=\"\/pablo-canadillas-cirujano-plastic\/index.html\">Dr. Pablo Ca\u00f1adillas Math\u00edas<\/a><\/li>\n<li class=\"page_item page-item-298\"><a href=\"\/rafael-blanco-cirujano-plastico\/index.html\">Dr. Rafael Blanco Tapias<\/a><\/li>\n<li class=\"page_item page-item-635\"><a href=\"\/ramon-moreno-cirujano-plastico\/index.html\">Dr. Ram\u00f3n Andr\u00e9s Moreno Villalba<\/a><\/li>\n<li class=\"page_item page-item-659\"><a href=\"\/sergio-canovas-sanchis\/index.html\">Dr. Sergio C\u00e1novas Sanchis<\/a><\/li>\n<li class=\"page_item page-item-383\"><a href=\"\/paloma-ramon\/index.html\">Dra. Paloma Ram\u00f3n Faba<\/a><\/li>\n<li class=\"page_item page-item-723\"><a href=\"\/virginia-lopez-castillo\/index.html\">Dra. Virginia L\u00f3pez Castillo<\/a><\/li>\n<\/ul>\n<\/div>\n<div id=\"nav_menu-3\" class=\"custom-sidebar gdl-divider widget_nav_menu\">\n<h3 class=\"custom-sidebar-title sidebar-title-color gdl-title\">Enlaces de Inter\u00e9s<\/h3>\n<div class=\"menu-barra-lateral-container\">\n<ul id=\"menu-barra-lateral\" class=\"menu\">\n<li id=\"menu-item-523\" class=\"menu-item menu-item-type-custom menu-item-object-custom menu-item-523\"><a title=\" Recursos que necesitas para tu pr\u00e1ctica diaria\" href=\"http:\/\/www.educpre.es\/\">Educpre \u2013 Plataforma educativa de c.pl\u00e1stica, reparadora y est\u00e9tica<\/a><\/li>\n<li id=\"menu-item-524\" class=\"menu-item menu-item-type-custom menu-item-object-custom menu-item-524\"><a title=\"IPRAS Confederaci\u00f3n Internacional de cirug\u00eda Pl\u00e1stica, Reparadora y Est\u00e9tica\" href=\"http:\/\/www.ipras.org\/\">IPRAS \u2013 International Confederaci\u00f3n for Plastic Reconstructive &amp; Aesthetic Surgery<\/a><\/li>\n<li id=\"menu-item-525\" class=\"menu-item menu-item-type-custom menu-item-object-custom menu-item-525\"><a title=\"Sociedad Internacional de Cirug\u00eda Pl\u00e1stica y Est\u00e9tica.\" href=\"http:\/\/www.isaps.org\/\">ISAPS \u2013 International Society of Aesthetic Plastic Surgery<\/a><\/li>\n<li id=\"menu-item-526\" class=\"menu-item menu-item-type-custom menu-item-object-custom menu-item-526\"><a title=\" Registro Nacional de Pr\u00f3tesis de Mama.\" href=\"http:\/\/www.cirugiadellinfedema.org\/\">SREIM \u2013 Sistema de Registro Espa\u00f1ol de Implantes Mamarios<\/a><\/li>\n<\/ul>\n<\/div>\n<\/div>\n<div class=\"pt30\"><\/div>\n<\/div>\n<\/div>\n<p>&nbsp;<\/p>\n<\/div>\n<\/div>\n<p><!-- content-wrapper --><\/p>\n<p><!-- header content wrapper --><\/p>\n<p><!-- content container --><\/p>\n","protected":false},"excerpt":{"rendered":"<p>&nbsp; Cl\u00ednica de Cirug\u00eda Pl\u00e1stica y Est\u00e9tica ESTETIMED Dr. H. Rodr\u00edguez Cl\u00ednica Artem\u00e9dica P\u00ba Fern\u00e1ndez Caballero N\u00ba 3 \u2013 3\u00ba A Edificio Ja\u00e9n \u2013 30007 Murcia Tel\u00e9fono:\u00a0\u00a0968 20 12 22 Webs: www.estetimed.com &nbsp; Puede contactar con el Dr. H. Rodr\u00edguez, pedir un presupuesto o una cita a trav\u00e9s del siguiente formulario. Recibir\u00e1 respuesta a la [&hellip;]<\/p>\n","protected":false},"author":1,"featured_media":0,"parent":0,"menu_order":0,"comment_status":"closed","ping_status":"closed","template":"","meta":{"footnotes":""},"class_list":["post-34","page","type-page","status-publish","hentry"],"_links":{"self":[{"href":"https:\/\/cirujanos-plasticos.jorgebastida.es\/index.php?rest_route=\/wp\/v2\/pages\/34","targetHints":{"allow":["GET"]}}],"collection":[{"href":"https:\/\/cirujanos-plasticos.jorgebastida.es\/index.php?rest_route=\/wp\/v2\/pages"}],"about":[{"href":"https:\/\/cirujanos-plasticos.jorgebastida.es\/index.php?rest_route=\/wp\/v2\/types\/page"}],"author":[{"embeddable":true,"href":"https:\/\/cirujanos-plasticos.jorgebastida.es\/index.php?rest_route=\/wp\/v2\/users\/1"}],"replies":[{"embeddable":true,"href":"https:\/\/cirujanos-plasticos.jorgebastida.es\/index.php?rest_route=%2Fwp%2Fv2%2Fcomments&post=34"}],"version-history":[{"count":2,"href":"https:\/\/cirujanos-plasticos.jorgebastida.es\/index.php?rest_route=\/wp\/v2\/pages\/34\/revisions"}],"predecessor-version":[{"id":114,"href":"https:\/\/cirujanos-plasticos.jorgebastida.es\/index.php?rest_route=\/wp\/v2\/pages\/34\/revisions\/114"}],"wp:attachment":[{"href":"https:\/\/cirujanos-plasticos.jorgebastida.es\/index.php?rest_route=%2Fwp%2Fv2%2Fmedia&parent=34"}],"curies":[{"name":"wp","href":"https:\/\/api.w.org\/{rel}","templated":true}]}}