{"id":20,"date":"2026-01-01T00:00:00","date_gmt":"2026-01-01T00:00:00","guid":{"rendered":"https:\/\/cirujanos-plasticos.jorgebastida.es\/?page_id=20"},"modified":"2026-05-16T18:59:04","modified_gmt":"2026-05-16T18:59:04","slug":"dr-pablo-jose-vera-garcia","status":"publish","type":"page","link":"https:\/\/cirujanos-plasticos.jorgebastida.es\/?page_id=20","title":{"rendered":"Dr. Pablo Jos\u00e9 Vera Garc\u00eda"},"content":{"rendered":"<div class=\"content-wrapper sidebar-included right-sidebar\">\n<div class=\"page-wrapper\">\n<div class=\"gdl-page-float-left\">\n<div class=\"gdl-page-item\">\n<div class=\"sixteen columns mt30\">\n<div class=\"gdl-page-content\">\n<div class=\"wp-block-image\">\n<figure class=\"alignright size-full\"><a href=\"\/wp-content\/uploads\/2022\/02\/1989-2055-cpil-45-03-0235-gf07.jpg\"><img decoding=\"async\" src=\"https:\/\/cirujanoplasticomurcia.es\/wp-content\/uploads\/2022\/02\/1989-2055-cpil-45-03-0235-gf07.jpg\" \/><\/a><\/figure>\n<\/div>\n<h2 class=\"wp-block-heading\">Hospital Universitario Virgen de la Arrixaca ( Murcia )<\/h2>\n<p>Especialista en el Servicio de Cirug\u00eda Pl\u00e1stica y Quemados<\/p>\n<h3 class=\"wp-block-heading\">Dr. Pablo Jos\u00e9 Vera Garc\u00eda<\/h3>\n<h3 class=\"wp-block-heading\">Consulta<\/h3>\n<h3 class=\"wp-block-heading\">Murcia<\/h3>\n<p><strong>Hospital Universitario Virgen de la Arrixaca<\/strong><\/p>\n<p>Ctra. Madrid-Cartagena, s\/n, 30120 El Palmar, Murcia<br \/>\nTel\u00e9fono\u00a096836950000<\/p>\n<p><iframe loading=\"lazy\" style=\"border: 0;\" src=\"https:\/\/www.google.com\/maps\/embed?pb=!1m18!1m12!1m3!1d3146.920728208235!2d-1.1654770484731551!3d37.93228232963165!2m3!1f0!2f0!3f0!3m2!1i1024!2i768!4f13.1!3m3!1m2!1s0xd637f1d3187d39d%3A0x1d76a6af01333fa5!2sHospital%20Cl%C3%ADnico%20Universitario%20Virgen%20de%20la%20Arrixaca!5e0!3m2!1ses!2ses!4v1645527884304!5m2!1ses!2ses\" width=\"600\" height=\"450\" allowfullscreen=\"allowfullscreen\"><\/iframe><\/p>\n<\/div>\n<\/div>\n<\/div>\n<\/div>\n<div class=\"five columns mt0 gdl-right-sidebar\">\n<div class=\"right-sidebar-wrapper gdl-divider\">\n<div id=\"pages-2\" class=\"custom-sidebar gdl-divider widget_pages\">\n<h3 class=\"custom-sidebar-title sidebar-title-color gdl-title\">Miembros de la SMCPRE<\/h3>\n<ul>\n<li class=\"page_item page-item-918\"><a href=\"\/dr-alejandro-sanchez-rodenas\/index.html\">Dr. Alejandro S\u00e1nchez R\u00f3denas<\/a><\/li>\n<li class=\"page_item page-item-931 current_page_item\"><a href=\"\/index.html\" aria-current=\"page\">Dr. Pablo Jos\u00e9 Vera Garc\u00eda<\/a><\/li>\n<li class=\"page_item page-item-599\"><a href=\"\/cirujanos-plasticos-murcia\/cirujano-plastico-pedreno-guerao\/index.html\">Dr. Francisco Pedre\u00f1o Guerao<\/a><\/li>\n<li class=\"page_item page-item-409\"><a href=\"\/cirujanos-plasticos-murcia\/eduardo-alvarez-carretero\/index.html\">Dr. Eduardo Alvarez Carretero<\/a><\/li>\n<li class=\"page_item page-item-765\"><a href=\"\/cirujanos-plasticos-murcia\/dr-francisco-del-pino-laccourreye\/index.html\">Dr. Francisco del Pino Laccourreye<\/a><\/li>\n<li class=\"page_item page-item-116\"><a href=\"\/cirujanos-plasticos-murcia\/francisco-jacinto-pedreno\/index.html\">Dr. Francisco Jacinto Pedre\u00f1o Ruiz<\/a><\/li>\n<li class=\"page_item page-item-371\"><a href=\"\/cirujanos-plasticos-murcia\/h-rodriguez-cirujano-plastico\/index.html\">Dr. Humberto Rodr\u00edguez Men\u00e9s<\/a><\/li>\n<li class=\"page_item page-item-752\"><a href=\"\/cirujanos-plasticos-murcia\/dr-garcia-contreras\/index.html\">Dr. Juan de Dios Garc\u00eda Contreras<\/a><\/li>\n<li class=\"page_item page-item-414\"><a href=\"\/cirujanos-plasticos-murcia\/pablo-canadillas-cirujano-plastic\/index.html\">Dr. Pablo Ca\u00f1adillas Math\u00edas<\/a><\/li>\n<li class=\"page_item page-item-298\"><a href=\"\/cirujanos-plasticos-murcia\/rafael-blanco-cirujano-plastico\/index.html\">Dr. Rafael Blanco Tapias<\/a><\/li>\n<li class=\"page_item page-item-635\"><a href=\"\/cirujanos-plasticos-murcia\/ramon-moreno-cirujano-plastico\/index.html\">Dr. Ram\u00f3n Andr\u00e9s Moreno Villalba<\/a><\/li>\n<li class=\"page_item page-item-659\"><a href=\"\/cirujanos-plasticos-murcia\/sergio-canovas-sanchis\/index.html\">Dr. Sergio C\u00e1novas Sanchis<\/a><\/li>\n<li class=\"page_item page-item-383\"><a href=\"\/cirujanos-plasticos-murcia\/paloma-ramon\/index.html\">Dra. Paloma Ram\u00f3n Faba<\/a><\/li>\n<li class=\"page_item page-item-723\"><a href=\"\/cirujanos-plasticos-murcia\/virginia-lopez-castillo\/index.html\">Dra. Virginia L\u00f3pez Castillo<\/a><\/li>\n<\/ul>\n<\/div>\n<div id=\"nav_menu-3\" class=\"custom-sidebar gdl-divider widget_nav_menu\">\n<h3 class=\"custom-sidebar-title sidebar-title-color gdl-title\">Enlaces de Inter\u00e9s<\/h3>\n<div class=\"menu-barra-lateral-container\">\n<ul id=\"menu-barra-lateral\" class=\"menu\">\n<li id=\"menu-item-523\" class=\"menu-item menu-item-type-custom menu-item-object-custom menu-item-523\"><a title=\" Recursos que necesitas para tu pr\u00e1ctica diaria\" href=\"http:\/\/www.educpre.es\/\">Educpre \u2013 Plataforma educativa de c.pl\u00e1stica, reparadora y est\u00e9tica<\/a><\/li>\n<li id=\"menu-item-524\" class=\"menu-item menu-item-type-custom menu-item-object-custom menu-item-524\"><a title=\"IPRAS Confederaci\u00f3n Internacional de cirug\u00eda Pl\u00e1stica, Reparadora y Est\u00e9tica\" href=\"http:\/\/www.ipras.org\/\">IPRAS \u2013 International Confederaci\u00f3n for Plastic Reconstructive &amp; Aesthetic Surgery<\/a><\/li>\n<li id=\"menu-item-525\" class=\"menu-item menu-item-type-custom menu-item-object-custom menu-item-525\"><a title=\"Sociedad Internacional de Cirug\u00eda Pl\u00e1stica y Est\u00e9tica.\" href=\"http:\/\/www.isaps.org\/\">ISAPS \u2013 International Society of Aesthetic Plastic Surgery<\/a><\/li>\n<li id=\"menu-item-526\" class=\"menu-item menu-item-type-custom menu-item-object-custom menu-item-526\"><a title=\" Registro Nacional de Pr\u00f3tesis de Mama.\" href=\"http:\/\/www.cirugiadellinfedema.org\/\">SREIM \u2013 Sistema de Registro Espa\u00f1ol de Implantes Mamarios<\/a><\/li>\n<\/ul>\n<\/div>\n<\/div>\n<div class=\"pt30\"><\/div>\n<\/div>\n<\/div>\n<p>&nbsp;<\/p>\n<\/div>\n<\/div>\n<p><!-- content-wrapper --><\/p>\n<p><!-- header content wrapper --><\/p>\n<p><!-- content container --><\/p>\n","protected":false},"excerpt":{"rendered":"<p>Hospital Universitario Virgen de la Arrixaca ( Murcia ) Especialista en el Servicio de Cirug\u00eda Pl\u00e1stica y Quemados Dr. Pablo Jos\u00e9 Vera Garc\u00eda Consulta Murcia Hospital Universitario Virgen de la Arrixaca Ctra. Madrid-Cartagena, s\/n, 30120 El Palmar, Murcia Tel\u00e9fono\u00a096836950000 Miembros de la SMCPRE Dr. Alejandro S\u00e1nchez R\u00f3denas Dr. Pablo Jos\u00e9 Vera Garc\u00eda Dr. Francisco Pedre\u00f1o [&hellip;]<\/p>\n","protected":false},"author":1,"featured_media":0,"parent":0,"menu_order":0,"comment_status":"closed","ping_status":"closed","template":"","meta":{"footnotes":""},"class_list":["post-20","page","type-page","status-publish","hentry"],"_links":{"self":[{"href":"https:\/\/cirujanos-plasticos.jorgebastida.es\/index.php?rest_route=\/wp\/v2\/pages\/20","targetHints":{"allow":["GET"]}}],"collection":[{"href":"https:\/\/cirujanos-plasticos.jorgebastida.es\/index.php?rest_route=\/wp\/v2\/pages"}],"about":[{"href":"https:\/\/cirujanos-plasticos.jorgebastida.es\/index.php?rest_route=\/wp\/v2\/types\/page"}],"author":[{"embeddable":true,"href":"https:\/\/cirujanos-plasticos.jorgebastida.es\/index.php?rest_route=\/wp\/v2\/users\/1"}],"replies":[{"embeddable":true,"href":"https:\/\/cirujanos-plasticos.jorgebastida.es\/index.php?rest_route=%2Fwp%2Fv2%2Fcomments&post=20"}],"version-history":[{"count":1,"href":"https:\/\/cirujanos-plasticos.jorgebastida.es\/index.php?rest_route=\/wp\/v2\/pages\/20\/revisions"}],"predecessor-version":[{"id":115,"href":"https:\/\/cirujanos-plasticos.jorgebastida.es\/index.php?rest_route=\/wp\/v2\/pages\/20\/revisions\/115"}],"wp:attachment":[{"href":"https:\/\/cirujanos-plasticos.jorgebastida.es\/index.php?rest_route=%2Fwp%2Fv2%2Fmedia&parent=20"}],"curies":[{"name":"wp","href":"https:\/\/api.w.org\/{rel}","templated":true}]}}