{"id":107,"date":"2026-05-16T18:50:54","date_gmt":"2026-05-16T18:50:54","guid":{"rendered":"https:\/\/cirujanos-plasticos.jorgebastida.es\/?page_id=107"},"modified":"2026-05-16T18:50:54","modified_gmt":"2026-05-16T18:50:54","slug":"historia","status":"publish","type":"page","link":"https:\/\/cirujanos-plasticos.jorgebastida.es\/?page_id=107","title":{"rendered":"Historia"},"content":{"rendered":"\n<p>LA SOCIEDAD MURCIANA DE CIRUG\u00cdA PL\u00c1STICA, REPARADORA Y EST\u00c9TICA , nace en el a\u00f1o 1990 fruto de la asociaci\u00f3n, sin \u00e1nimo de lucro, de un grupo de m\u00e9dicos especialistas que ejerc\u00edan dentro del \u00e1mbito de la Comunidad Aut\u00f3noma de la Regi\u00f3n de Murcia.<\/p>\n\n\n\n<p>Se constituy\u00f3 como filial de la Sociedad Espa\u00f1ola de Cirug\u00eda Pl\u00e1stica, Reparadora y Est\u00e9tica.<\/p>\n\n\n\n<p>Entre SUS FINES est\u00e1n:<\/p>\n\n\n\n<p>Fomentar el progreso en el conocimiento cient\u00edfico de los temas relacionados con la Especialidad.<\/p>\n\n\n\n<p>Asesorar en los temas que le son propios, a las autoridades pol\u00edticas y administrativas de la Comunidad Aut\u00f3noma.<\/p>\n\n\n\n<p>Promover, apoyar e influir en las mejoras de la docencia, asistencia e investigaci\u00f3n.<\/p>\n\n\n\n<p>Asesorar a sus miembros y a entidades sanitarias, p\u00fablicas y privadas en sus relaciones mutuas.<\/p>\n\n\n\n<figure class=\"wp-block-image size-full is-style-default\"><img loading=\"lazy\" decoding=\"async\" width=\"1000\" height=\"448\" src=\"https:\/\/cirujanos-plasticos.jorgebastida.es\/wp-content\/uploads\/2026\/05\/image.png\" alt=\"\" class=\"wp-image-108\" srcset=\"https:\/\/cirujanos-plasticos.jorgebastida.es\/wp-content\/uploads\/2026\/05\/image.png 1000w, https:\/\/cirujanos-plasticos.jorgebastida.es\/wp-content\/uploads\/2026\/05\/image-300x134.png 300w, https:\/\/cirujanos-plasticos.jorgebastida.es\/wp-content\/uploads\/2026\/05\/image-768x344.png 768w\" sizes=\"auto, (max-width: 1000px) 100vw, 1000px\" \/><\/figure>\n","protected":false},"excerpt":{"rendered":"<p>LA SOCIEDAD MURCIANA DE CIRUG\u00cdA PL\u00c1STICA, REPARADORA Y EST\u00c9TICA , nace en el a\u00f1o 1990 fruto de la asociaci\u00f3n, sin \u00e1nimo de lucro, de un grupo de m\u00e9dicos especialistas que ejerc\u00edan dentro del \u00e1mbito de la Comunidad Aut\u00f3noma de la Regi\u00f3n de Murcia. Se constituy\u00f3 como filial de la Sociedad Espa\u00f1ola de Cirug\u00eda Pl\u00e1stica, Reparadora [&hellip;]<\/p>\n","protected":false},"author":1,"featured_media":0,"parent":0,"menu_order":0,"comment_status":"closed","ping_status":"closed","template":"","meta":{"footnotes":""},"class_list":["post-107","page","type-page","status-publish","hentry"],"_links":{"self":[{"href":"https:\/\/cirujanos-plasticos.jorgebastida.es\/index.php?rest_route=\/wp\/v2\/pages\/107","targetHints":{"allow":["GET"]}}],"collection":[{"href":"https:\/\/cirujanos-plasticos.jorgebastida.es\/index.php?rest_route=\/wp\/v2\/pages"}],"about":[{"href":"https:\/\/cirujanos-plasticos.jorgebastida.es\/index.php?rest_route=\/wp\/v2\/types\/page"}],"author":[{"embeddable":true,"href":"https:\/\/cirujanos-plasticos.jorgebastida.es\/index.php?rest_route=\/wp\/v2\/users\/1"}],"replies":[{"embeddable":true,"href":"https:\/\/cirujanos-plasticos.jorgebastida.es\/index.php?rest_route=%2Fwp%2Fv2%2Fcomments&post=107"}],"version-history":[{"count":1,"href":"https:\/\/cirujanos-plasticos.jorgebastida.es\/index.php?rest_route=\/wp\/v2\/pages\/107\/revisions"}],"predecessor-version":[{"id":109,"href":"https:\/\/cirujanos-plasticos.jorgebastida.es\/index.php?rest_route=\/wp\/v2\/pages\/107\/revisions\/109"}],"wp:attachment":[{"href":"https:\/\/cirujanos-plasticos.jorgebastida.es\/index.php?rest_route=%2Fwp%2Fv2%2Fmedia&parent=107"}],"curies":[{"name":"wp","href":"https:\/\/api.w.org\/{rel}","templated":true}]}}